{"id":10,"date":"2024-02-05T12:12:12","date_gmt":"2024-02-05T11:12:12","guid":{"rendered":"https:\/\/www.fs-consulting-qse.fr\/?page_id=10"},"modified":"2024-02-06T23:25:01","modified_gmt":"2024-02-06T22:25:01","slug":"accueil","status":"publish","type":"page","link":"https:\/\/www.fs-consulting-qse.fr\/","title":{"rendered":"Accueil"},"content":{"rendered":"\n<div class=\"wp-block-cover alignfull is-light\" style=\"min-height:720px;aspect-ratio:unset;\"><span aria-hidden=\"true\" class=\"wp-block-cover__background has-background-dim-100 has-background-dim has-background-gradient\" style=\"background:linear-gradient(35deg,rgb(6,0,151) 0%,rgb(130,4,255) 73%,rgb(193,15,255) 100%)\"><\/span><div class=\"wp-block-cover__inner-container is-layout-flow wp-block-cover-is-layout-flow\">\n<div class=\"inherit-container-width wp-block-group alignwide is-layout-constrained wp-block-group-is-layout-constrained\">\n<div class=\"wp-block-media-text alignwide has-media-on-the-right is-stacked-on-mobile is-vertically-aligned-center\" style=\"grid-template-columns:auto 43%\"><div class=\"wp-block-media-text__content\">\n<h1 class=\"wp-block-heading has-text-align-left has-white-color has-text-color\">FS Consulting<\/h1>\n\n\n\n<p style=\"font-size:26px\">Vous cherchez \u00e0 cr\u00e9er votre activit\u00e9 de conseil, d&rsquo;audit ou de formations dans le domaine des certifications QSE &#8211; Qualit\u00e9 S\u00e9curit\u00e9 Environnement ?<\/p>\n\n\n\n<div class=\"wp-block-buttons is-layout-flex wp-block-buttons-is-layout-flex\">\n<div class=\"wp-block-button\"><a class=\"wp-block-button__link wp-element-button\" href=\"#\">Cr\u00e9er mon activit\u00e9 QSE<\/a><\/div>\n<\/div>\n<\/div><figure class=\"wp-block-media-text__media\"><img decoding=\"async\" src=\"https:\/\/www.fs-consulting-qse.fr\/wp-content\/themes\/astra\/inc\/assets\/images\/starter-content\/hero-img.svg\" alt=\"\" class=\"wp-image-118 size-full\"\/><\/figure><\/div>\n<\/div>\n<\/div><\/div>\n\n\n\n<div class=\"wp-block-group alignfull has-ast-global-color-5-background-color has-background is-layout-constrained wp-container-core-group-is-layout-9cedb757 wp-block-group-is-layout-constrained\" style=\"padding-bottom:0px\">\n<div class=\"wp-block-columns are-vertically-aligned-top is-layout-flex wp-container-core-columns-is-layout-00723822 wp-block-columns-is-layout-flex\">\n<div class=\"wp-block-column is-vertically-aligned-top is-layout-flow wp-container-core-column-is-layout-6b73ce23 wp-block-column-is-layout-flow\">\n<figure class=\"wp-block-image aligncenter size-large\"><img decoding=\"async\" src=\"https:\/\/www.fs-consulting-qse.fr\/wp-content\/themes\/astra\/inc\/assets\/images\/starter-content\/building.svg\" alt=\"\" class=\"wp-image-134\"\/><\/figure>\n\n\n\n<h3 class=\"wp-block-heading has-text-align-center\" style=\"margin-top:16px\">10 d&rsquo;exp\u00e9riences en conseil<\/h3>\n\n\n\n<p class=\"has-text-align-left\">Des experts du conseil QSE \u00e9tablis depuis 2013 et ayant plus de 20 de suivi des syst\u00e8mes de management QSE<\/p>\n<\/div>\n\n\n\n<div class=\"wp-block-column is-vertically-aligned-top is-layout-flow wp-container-core-column-is-layout-6b73ce23 wp-block-column-is-layout-flow\">\n<figure class=\"wp-block-image aligncenter size-large\"><img decoding=\"async\" src=\"https:\/\/www.fs-consulting-qse.fr\/wp-content\/themes\/astra\/inc\/assets\/images\/starter-content\/shopping-bag.svg\" alt=\"\" class=\"wp-image-135\"\/><\/figure>\n\n\n\n<h3 class=\"wp-block-heading has-text-align-center\" style=\"margin-top:16px\">Des formations adapt\u00e9es<\/h3>\n\n\n\n<p class=\"has-text-align-left\">Une formation sp\u00e9cifique pour la cr\u00e9ation de son activit\u00e9 et d&rsquo;autres li\u00e9es au m\u00e9tier de consultant QSE<\/p>\n<\/div>\n\n\n\n<div class=\"wp-block-column is-vertically-aligned-top is-layout-flow wp-container-core-column-is-layout-6b73ce23 wp-block-column-is-layout-flow\">\n<figure class=\"wp-block-image aligncenter size-large\"><img decoding=\"async\" src=\"https:\/\/www.fs-consulting-qse.fr\/wp-content\/themes\/astra\/inc\/assets\/images\/starter-content\/blog.svg\" alt=\"\" class=\"wp-image-136\"\/><\/figure>\n\n\n\n<h3 class=\"wp-block-heading has-text-align-center\" style=\"margin-top:16px\">Un parcours d&rsquo;int\u00e9gration<\/h3>\n\n\n\n<p class=\"has-text-align-left\">Nous proposons de rencontrer et d&rsquo;\u00e9changer avec des consultants seniors.<\/p>\n<\/div>\n\n\n\n<div class=\"wp-block-column is-vertically-aligned-top is-layout-flow wp-container-core-column-is-layout-6b73ce23 wp-block-column-is-layout-flow\">\n<figure class=\"wp-block-image aligncenter size-large\"><img decoding=\"async\" src=\"https:\/\/www.fs-consulting-qse.fr\/wp-content\/themes\/astra\/inc\/assets\/images\/starter-content\/portfolio.svg\" alt=\"\" class=\"wp-image-137\"\/><\/figure>\n\n\n\n<h3 class=\"wp-block-heading has-text-align-center\" style=\"margin-top:16px\">Un r\u00e9seau national d&rsquo;experts<\/h3>\n\n\n\n<p class=\"has-text-align-left\">Nos consultants sont pr\u00e9sents sur tous le territoire Fran\u00e7ais au travers de notre r\u00e9seau d&rsquo;agence.<\/p>\n<\/div>\n<\/div>\n<\/div>\n\n\n\n<div class=\"wp-block-group alignfull is-layout-constrained wp-container-core-group-is-layout-45b0ac4f wp-block-group-is-layout-constrained\" id=\"services\" style=\"padding-top:144px;padding-bottom:0px\">\n<h2 class=\"wp-block-heading\">Notre offre de services \u00e0 destination des futurs consultants QSE<\/h2>\n\n\n\n<div class=\"wp-block-columns is-layout-flex wp-container-core-columns-is-layout-60cbf9bb wp-block-columns-is-layout-flex\" style=\"margin-top:50px\">\n<div class=\"wp-block-column is-layout-flow wp-container-core-column-is-layout-6b73ce23 wp-block-column-is-layout-flow\">\n<figure class=\"wp-block-image aligncenter size-full is-resized\"><img decoding=\"async\" src=\"https:\/\/www.fs-consulting-qse.fr\/wp-content\/themes\/astra\/inc\/assets\/images\/starter-content\/branding.jpg\" alt=\"\" class=\"wp-image-230\" style=\"width:260px\"\/><\/figure>\n\n\n\n<h3 class=\"wp-block-heading has-text-align-center\" style=\"margin-top:16px\">Formations QSE<\/h3>\n\n\n\n<p>besoin de vous former en compl\u00e9ment de votre exp\u00e9riences ?<\/p>\n\n\n\n<p>Nous avons les solutions et les programmes adapt\u00e9s pour vous aider dans le lancement de votre activit\u00e9. Il peut s&rsquo;agir de formation d&rsquo;auditeur, de Lead Implementor, Lead Auditor &#8230;<\/p>\n<\/div>\n\n\n\n<div class=\"wp-block-column is-layout-flow wp-container-core-column-is-layout-6b73ce23 wp-block-column-is-layout-flow\">\n<figure class=\"wp-block-image aligncenter size-full is-resized\"><img decoding=\"async\" src=\"https:\/\/www.fs-consulting-qse.fr\/wp-content\/themes\/astra\/inc\/assets\/images\/starter-content\/graphic.jpg\" alt=\"\" class=\"wp-image-232\" style=\"width:260px\"\/><\/figure>\n\n\n\n<h3 class=\"wp-block-heading has-text-align-center\" style=\"margin-top:16px\">Formation cr\u00e9ation d&rsquo;entreprise<\/h3>\n\n\n\n<p>Le m\u00e9tier de consultant \u00e7a vous parle ? Oui mais lorsque l&rsquo;on est \u00e0 son compte, il faut aussi penser \u00e0 la gestion de son entreprise depuis la cr\u00e9ation jusqu&rsquo;au suivi et son pilotage quotidien. Nos 2 formations \u00ab\u00a0cr\u00e9ateur d&rsquo;entreprise\u00a0\u00bb sont l\u00e0 pour obtenir les comp\u00e9tences de base pour le d\u00e9marrage de l&rsquo;activit\u00e9. <\/p>\n<\/div>\n\n\n\n<div class=\"wp-block-column is-layout-flow wp-container-core-column-is-layout-6b73ce23 wp-block-column-is-layout-flow\">\n<figure class=\"wp-block-image aligncenter size-full is-resized\"><img decoding=\"async\" src=\"https:\/\/www.fs-consulting-qse.fr\/wp-content\/themes\/astra\/inc\/assets\/images\/starter-content\/web.jpg\" alt=\"\" class=\"wp-image-231\" style=\"width:260px\"\/><\/figure>\n\n\n\n<h3 class=\"wp-block-heading has-text-align-center\" style=\"margin-top:16px\">Accompagnement \u00e0 la cr\u00e9ation<\/h3>\n\n\n\n<p>Nos experts apportent d&rsquo;exp\u00e9riences de leur cr\u00e9ation mais \u00e9galement nous mettons \u00e0 disposition tout un r\u00e9seau pour vous aider dans la r\u00e9alisation de votre projet : experts comptables, juristes, organismes certificateurs, &#8230;<\/p>\n\n\n\n<p>Faites confiance \u00e0 notre exp\u00e9rience !<\/p>\n<\/div>\n<\/div>\n<\/div>\n\n\n\n<div class=\"wp-block-group alignfull has-background is-layout-constrained wp-container-core-group-is-layout-cfcca693 wp-block-group-is-layout-constrained\" id=\"contact\" style=\"background:linear-gradient(35deg,rgb(6,0,151) 0%,rgb(130,4,255) 64%,rgb(193,15,255) 98%);padding-top:104px;padding-bottom:104px\">\n<h2 class=\"wp-block-heading has-text-align-center has-text-color\" style=\"color:#ffffff\">Comment se former \u00e0 la cr\u00e9ation d&rsquo;une soci\u00e9t\u00e9 de conseil ? <\/h2>\n\n\n\n<div class=\"wp-block-buttons alignwide is-horizontal is-content-justification-center is-layout-flex wp-container-core-buttons-is-layout-bba8380a wp-block-buttons-is-layout-flex\" style=\"margin-top:50px\">\n<div class=\"wp-block-button\"><a class=\"wp-block-button__link wp-element-button\">Contactez-nous<\/a><\/div>\n<\/div>\n<\/div>\n\n\n\n<div class=\"wp-block-group alignfull has-ast-global-color-5-background-color has-background is-layout-constrained wp-container-core-group-is-layout-94d206d0 wp-block-group-is-layout-constrained\" id=\"about\" style=\"padding-top:143px;padding-bottom:144px\">\n<div class=\"wp-block-media-text has-media-on-the-right is-stacked-on-mobile is-vertically-aligned-center\" style=\"grid-template-columns:auto 41%\"><div class=\"wp-block-media-text__content\">\n<div class=\"inherit-container-width wp-block-group is-layout-constrained wp-container-core-group-is-layout-47ce07ec wp-block-group-is-layout-constrained\" style=\"padding-right:80px\">\n<h2 class=\"wp-block-heading\" style=\"padding-right:40px\">We help QSE leaders build the business of their dreams<\/h2>\n\n\n\n<p>En tant qu&rsquo;experts reconnus dans le domaine du conseil QSE, nous avons accompagn\u00e9 la cr\u00e9ation de plusieurs soci\u00e9t\u00e9s de conseil. Cela t\u00e9moigne de notre comp\u00e9tence et de notre attachement au m\u00e9tier de consultants et envers la qualit\u00e9, la s\u00e9curit\u00e9 et l&rsquo;environnement.<\/p>\n\n\n\n<p>Nos formations sont enrichies par cette exp\u00e9rience pratique, vous assurant un apprentissage \u00e0 la fois professionnel et accessible.<\/p>\n<\/div>\n<\/div><figure class=\"wp-block-media-text__media\"><img decoding=\"async\" src=\"https:\/\/www.fs-consulting-qse.fr\/wp-content\/themes\/astra\/inc\/assets\/images\/starter-content\/about-us.jpg\" alt=\"\" class=\"wp-image-237 size-full\"\/><\/figure><\/div>\n<\/div>\n\n\n\n<div class=\"wp-block-group alignfull has-ast-global-color-4-background-color has-background is-layout-constrained wp-container-core-group-is-layout-6a2cfb7b wp-block-group-is-layout-constrained\" id=\"reviews\">\n<figure class=\"wp-block-image aligncenter size-full\"><img decoding=\"async\" src=\"https:\/\/www.fs-consulting-qse.fr\/wp-content\/themes\/astra\/inc\/assets\/images\/starter-content\/avatar.png\" alt=\"\" class=\"wp-image-235\"\/><\/figure>\n\n\n\n<p class=\"has-text-align-center\" style=\"font-size:22px;line-height:1.6\">\u201cAvant de rencontrer l&rsquo;\u00e9quipe de FS Consulting, je ne savais pas par o\u00f9 commencer pour mettre en place mon entreprise de conseil en s\u00e9curit\u00e9. Gr\u00e2ce \u00e0 leur formation compl\u00e8te et \u00e0 leur accompagnement personnalis\u00e9, j&rsquo;ai non seulement acquis une solide compr\u00e9hension des normes ISO, mais j&rsquo;ai \u00e9galement d\u00e9velopp\u00e9 une strat\u00e9gie d&rsquo;entreprise efficace. Leur soutien ne s&rsquo;est pas arr\u00eat\u00e9 \u00e0 la fin de la formation ; ils ont continu\u00e9 \u00e0 m&rsquo;offrir des conseils pr\u00e9cieux, ce qui a \u00e9t\u00e9 un atout majeur pour le succ\u00e8s de mon entreprise. Je suis maintenant \u00e0 la t\u00eate d&rsquo;une soci\u00e9t\u00e9 florissante, et cela, je le dois en grande partie \u00e0 FS Consulting.\u201d<\/p>\n\n\n\n<p class=\"has-text-align-center\"><strong>Charles Warren<\/strong><\/p>\n\n\n\n<figure class=\"wp-block-image aligncenter size-full\"><img decoding=\"async\" src=\"https:\/\/www.fs-consulting-qse.fr\/wp-content\/themes\/astra\/inc\/assets\/images\/starter-content\/avatar.png\" alt=\"\" class=\"wp-image-235\"\/><\/figure>\n\n\n\n<p class=\"has-text-align-center\" style=\"font-size:22px;line-height:1.6\">Lorsque j&rsquo;ai d\u00e9cid\u00e9 de me lancer en tant que consultant ind\u00e9pendant en qualit\u00e9 environnementale, j&rsquo;\u00e9tais submerg\u00e9 par la complexit\u00e9 des normes et r\u00e9glementations. L&rsquo;\u00e9quipe de FS Consulting m&rsquo;a non seulement form\u00e9 sur les aspects techniques des normes ISO 14001, mais a \u00e9galement partag\u00e9 des conseils pratiques sur la gestion de projet et la relation client. Leur approche personnalis\u00e9e m&rsquo;a permis de d\u00e9velopper des comp\u00e9tences sp\u00e9cifiques \u00e0 mes besoins. Aujourd&rsquo;hui, je me sens pleinement confiant dans mon r\u00f4le et je suis reconnaissant pour le soutien continu qu&rsquo;ils m&rsquo;apportent.<\/p>\n\n\n\n<p class=\"has-text-align-center\"><strong>Adeline C.<\/strong><\/p>\n<\/div>\n\n\n\n<div class=\"wp-block-group alignfull is-layout-constrained wp-container-core-group-is-layout-3fee123f wp-block-group-is-layout-constrained\" id=\"whyus\" style=\"padding-top:144px;padding-bottom:144px\">\n<h2 class=\"wp-block-heading\">Pourquoi nous faire confiance ?<\/h2>\n\n\n\n<div class=\"wp-block-columns is-layout-flex wp-container-core-columns-is-layout-29aadeec wp-block-columns-is-layout-flex\" style=\"margin-top:60px\">\n<div class=\"wp-block-column is-layout-flow wp-container-core-column-is-layout-6b73ce23 wp-block-column-is-layout-flow\">\n<figure class=\"wp-block-image size-large\"><img decoding=\"async\" src=\"https:\/\/www.fs-consulting-qse.fr\/wp-content\/themes\/astra\/inc\/assets\/images\/starter-content\/passionate.svg\" alt=\"\" class=\"wp-image-162\"\/><\/figure>\n\n\n\n<h3 class=\"wp-block-heading\" style=\"margin-top:16px\">Passionate<\/h3>\n\n\n\n<p>Chez FS CONSULTING, la passion pour la qualit\u00e9, la s\u00e9curit\u00e9 et l&rsquo;environnement est au c\u0153ur de tout ce que nous faisons. Cette passion se refl\u00e8te dans notre approche personnalis\u00e9e et dans notre engagement \u00e0 transmettre des connaissances et des comp\u00e9tences de pointe. Nous croyons fermement que le succ\u00e8s en QSE est le r\u00e9sultat d&rsquo;une d\u00e9votion sans faille, et c&rsquo;est cette conviction qui anime chacune de nos formations et de nos s\u00e9ances d&rsquo;accompagnement.<\/p>\n<\/div>\n\n\n\n<div class=\"wp-block-column is-layout-flow wp-container-core-column-is-layout-6b73ce23 wp-block-column-is-layout-flow\">\n<figure class=\"wp-block-image size-large\"><img decoding=\"async\" src=\"https:\/\/www.fs-consulting-qse.fr\/wp-content\/themes\/astra\/inc\/assets\/images\/starter-content\/professional.svg\" alt=\"\" class=\"wp-image-163\"\/><\/figure>\n\n\n\n<h3 class=\"wp-block-heading\" style=\"margin-top:16px\">Professional<\/h3>\n\n\n\n<p>Notre \u00e9quipe est compos\u00e9e d&rsquo;experts hautement qualifi\u00e9s, chacun sp\u00e9cialis\u00e9 dans un aspect cl\u00e9 du conseil QSE. Nous nous engageons \u00e0 maintenir les plus hauts standards de professionnalisme, en restant constamment \u00e0 jour sur les derni\u00e8res normes ISO et les meilleures pratiques du secteur. Notre approche m\u00e9thodique et notre attention aux d\u00e9tails garantissent que vous recevez non seulement une formation de qualit\u00e9, mais aussi un accompagnement pr\u00e9cis et adapt\u00e9 \u00e0 vos besoins sp\u00e9cifiques.<\/p>\n<\/div>\n\n\n\n<div class=\"wp-block-column is-layout-flow wp-container-core-column-is-layout-6b73ce23 wp-block-column-is-layout-flow\">\n<figure class=\"wp-block-image size-large\"><img decoding=\"async\" src=\"https:\/\/www.fs-consulting-qse.fr\/wp-content\/themes\/astra\/inc\/assets\/images\/starter-content\/support.svg\" alt=\"\" class=\"wp-image-164\"\/><\/figure>\n\n\n\n<h3 class=\"wp-block-heading\" style=\"margin-top:16px\">Support<\/h3>\n\n\n\n<p>Chez FS Consulting, nous comprenons que le chemin vers le succ\u00e8s en tant que consultant QSE peut \u00eatre sem\u00e9 d&#8217;emb\u00fbches.<\/p>\n\n\n\n<p>C&rsquo;est pourquoi nous offrons un support continu et adaptatif \u00e0 chaque \u00e9tape de votre parcours de cr\u00e9ation d&rsquo;entreprise. Que ce soit par des conseils personnalis\u00e9s, des sessions de coaching ou une assistance technique, notre \u00e9quipe est d\u00e9di\u00e9e \u00e0 vous aider \u00e0 surmonter les obstacles et \u00e0 atteindre vos objectifs professionnels.<\/p>\n<\/div>\n<\/div>\n<\/div>\n\n\n\n<div class=\"wp-block-group alignfull has-background is-layout-constrained wp-container-core-group-is-layout-cfcca693 wp-block-group-is-layout-constrained\" id=\"contact\" style=\"background:linear-gradient(35deg,rgb(6,0,151) 0%,rgb(130,4,255) 64%,rgb(193,15,255) 98%);padding-top:104px;padding-bottom:104px\">\n<h2 class=\"wp-block-heading has-text-align-center has-text-color\" style=\"color:#ffffff\">faites appel \u00e0 notre accompagnement ou inscrivez vous \u00e0 nos formations<\/h2>\n\n\n\n<div class=\"wp-block-buttons alignwide is-horizontal is-content-justification-center is-layout-flex wp-container-core-buttons-is-layout-bba8380a wp-block-buttons-is-layout-flex\" style=\"margin-top:50px\">\n<div class=\"wp-block-button\"><a class=\"wp-block-button__link wp-element-button\">Contactez-nous<\/a><\/div>\n<\/div>\n<\/div>\n","protected":false},"excerpt":{"rendered":"<p>10 d&rsquo;exp\u00e9riences en conseil Des experts du conseil QSE \u00e9tablis depuis 2013 et ayant plus de 20 de suivi des [&hellip;]<\/p>\n","protected":false},"author":1,"featured_media":0,"parent":0,"menu_order":0,"comment_status":"closed","ping_status":"closed","template":"","meta":{"_uag_custom_page_level_css":"","site-sidebar-layout":"no-sidebar","site-content-layout":"plain-container","ast-site-content-layout":"default","site-content-style":"default","site-sidebar-style":"default","ast-global-header-display":"","ast-banner-title-visibility":"","ast-main-header-display":"","ast-hfb-above-header-display":"","ast-hfb-below-header-display":"","ast-hfb-mobile-header-display":"","site-post-title":"disabled","ast-breadcrumbs-content":"","ast-featured-img":"","footer-sml-layout":"","ast-disable-related-posts":"","theme-transparent-header-meta":"enabled","adv-header-id-meta":"","stick-header-meta":"","header-above-stick-meta":"","header-main-stick-meta":"","header-below-stick-meta":"","astra-migrate-meta-layouts":"default","ast-page-background-enabled":"default","ast-page-background-meta":{"desktop":{"background-color":"var(--ast-global-color-4)","background-image":"","background-repeat":"repeat","background-position":"center center","background-size":"auto","background-attachment":"scroll","background-type":"","background-media":"","overlay-type":"","overlay-color":"","overlay-opacity":"","overlay-gradient":""},"tablet":{"background-color":"","background-image":"","background-repeat":"repeat","background-position":"center center","background-size":"auto","background-attachment":"scroll","background-type":"","background-media":"","overlay-type":"","overlay-color":"","overlay-opacity":"","overlay-gradient":""},"mobile":{"background-color":"","background-image":"","background-repeat":"repeat","background-position":"center center","background-size":"auto","background-attachment":"scroll","background-type":"","background-media":"","overlay-type":"","overlay-color":"","overlay-opacity":"","overlay-gradient":""}},"ast-content-background-meta":{"desktop":{"background-color":"var(--ast-global-color-5)","background-image":"","background-repeat":"repeat","background-position":"center center","background-size":"auto","background-attachment":"scroll","background-type":"","background-media":"","overlay-type":"","overlay-color":"","overlay-opacity":"","overlay-gradient":""},"tablet":{"background-color":"var(--ast-global-color-5)","background-image":"","background-repeat":"repeat","background-position":"center center","background-size":"auto","background-attachment":"scroll","background-type":"","background-media":"","overlay-type":"","overlay-color":"","overlay-opacity":"","overlay-gradient":""},"mobile":{"background-color":"var(--ast-global-color-5)","background-image":"","background-repeat":"repeat","background-position":"center center","background-size":"auto","background-attachment":"scroll","background-type":"","background-media":"","overlay-type":"","overlay-color":"","overlay-opacity":"","overlay-gradient":""}},"footnotes":""},"class_list":["post-10","page","type-page","status-publish","hentry"],"uagb_featured_image_src":{"full":false,"thumbnail":false,"medium":false,"medium_large":false,"large":false,"1536x1536":false,"2048x2048":false},"uagb_author_info":{"display_name":"Pierre","author_link":"https:\/\/www.fs-consulting-qse.fr\/index.php\/author\/admin7055\/"},"uagb_comment_info":0,"uagb_excerpt":"10 d&rsquo;exp\u00e9riences en conseil Des experts du conseil QSE \u00e9tablis depuis 2013 et ayant plus de 20 de suivi des [&hellip;]","jetpack_sharing_enabled":true,"_links":{"self":[{"href":"https:\/\/www.fs-consulting-qse.fr\/index.php\/wp-json\/wp\/v2\/pages\/10","targetHints":{"allow":["GET"]}}],"collection":[{"href":"https:\/\/www.fs-consulting-qse.fr\/index.php\/wp-json\/wp\/v2\/pages"}],"about":[{"href":"https:\/\/www.fs-consulting-qse.fr\/index.php\/wp-json\/wp\/v2\/types\/page"}],"author":[{"embeddable":true,"href":"https:\/\/www.fs-consulting-qse.fr\/index.php\/wp-json\/wp\/v2\/users\/1"}],"replies":[{"embeddable":true,"href":"https:\/\/www.fs-consulting-qse.fr\/index.php\/wp-json\/wp\/v2\/comments?post=10"}],"version-history":[{"count":7,"href":"https:\/\/www.fs-consulting-qse.fr\/index.php\/wp-json\/wp\/v2\/pages\/10\/revisions"}],"predecessor-version":[{"id":37,"href":"https:\/\/www.fs-consulting-qse.fr\/index.php\/wp-json\/wp\/v2\/pages\/10\/revisions\/37"}],"wp:attachment":[{"href":"https:\/\/www.fs-consulting-qse.fr\/index.php\/wp-json\/wp\/v2\/media?parent=10"}],"curies":[{"name":"wp","href":"https:\/\/api.w.org\/{rel}","templated":true}]}}